{"id":1082,"date":"2025-05-20T08:57:59","date_gmt":"2025-05-20T08:57:59","guid":{"rendered":"https:\/\/web.prendev.com\/?page_id=1082"},"modified":"2025-05-21T06:27:23","modified_gmt":"2025-05-21T06:27:23","slug":"impresszum","status":"publish","type":"page","link":"https:\/\/web.prendev.com\/de\/impresszum\/","title":{"rendered":"Impressum"},"content":{"rendered":"<div data-elementor-type=\"wp-page\" data-elementor-id=\"1082\" class=\"elementor elementor-1082\" data-elementor-post-type=\"page\">\n\t\t\t\t<div class=\"elementor-element elementor-element-8908b8d e-flex e-con-boxed e-con e-parent\" data-id=\"8908b8d\" data-element_type=\"container\" data-e-type=\"container\">\n\t\t\t\t\t<div class=\"e-con-inner\">\n\t\t\t\t<div class=\"elementor-element elementor-element-b69fb8a elementor-widget elementor-widget-heading\" data-id=\"b69fb8a\" data-element_type=\"widget\" data-e-type=\"widget\" data-widget_type=\"heading.default\">\n\t\t\t\t<div class=\"elementor-widget-container\">\n\t\t\t\t\t<h2 class=\"elementor-heading-title elementor-size-default\">Impressum<\/h2>\t\t\t\t<\/div>\n\t\t\t\t<\/div>\n\t\t\t\t<div class=\"elementor-element elementor-element-f538b09 elementor-widget elementor-widget-text-editor\" data-id=\"f538b09\" data-element_type=\"widget\" data-e-type=\"widget\" data-widget_type=\"text-editor.default\">\n\t\t\t\t<div class=\"elementor-widget-container\">\n\t\t\t\t\t\t\t\t\t<p class=\"\" data-start=\"2479\" data-end=\"2503\">Betreiber der Website:<\/p><ul data-start=\"2505\" data-end=\"2821\"><li class=\"\" data-start=\"2505\" data-end=\"2555\"><p class=\"\" data-start=\"2507\" data-end=\"2555\">Firmenname: Prendev Kft.<\/p><\/li><li class=\"\" data-start=\"2556\" data-end=\"2605\"><p class=\"\" data-start=\"2558\" data-end=\"2605\">Sitz: 1094 Budapest, Tompa-Stra\u00dfe 16, 6. Stock, T\u00fcr 5<\/p><\/li><li class=\"\" data-start=\"2606\" data-end=\"2631\"><p class=\"\" data-start=\"2608\" data-end=\"2631\">Steuernummer: 32174601-2-43<\/p><\/li><li class=\"\" data-start=\"2632\" data-end=\"2664\"><p class=\"\" data-start=\"2634\" data-end=\"2664\">Handelsregisternummer: 01 09 410339<\/p><\/li><li class=\"\" data-start=\"2665\" data-end=\"2705\"><p class=\"\" data-start=\"2667\" data-end=\"2705\">E-mail: info@prendev.com<\/p><\/li><li class=\"\" data-start=\"2751\" data-end=\"2821\"><p class=\"\" data-start=\"2753\" data-end=\"2821\">Hosting-Anbieter: Data Center Solutions Kft.<\/p><\/li><\/ul><p class=\"\" data-start=\"2823\" data-end=\"2968\">Die auf dieser Website gezeigten Inhalte sind geistiges Eigentum der Prendev Kft. Das Kopieren oder die Nutzung der Inhalte ist nur mit schriftlicher Genehmigung des Unternehmens gestattet.<\/p>\t\t\t\t\t\t\t\t<\/div>\n\t\t\t\t<\/div>\n\t\t\t\t\t<\/div>\n\t\t\t\t<\/div>\n\t\t\t\t<\/div>","protected":false},"excerpt":{"rendered":"<p>A weboldal \u00fczemeltet\u0151je: C\u00e9gn\u00e9v: Prendev Korl\u00e1tolt Felel\u0151ss\u00e9g\u0171 T\u00e1rsas\u00e1g Sz\u00e9khely: 1094 Budapest Tompa utca 16. 6. em 5. ajt\u00f3 Ad\u00f3sz\u00e1m: 32174601-2-43 C\u00e9gjegyz\u00e9ksz\u00e1m: 01 09 410339 E-mail: info@prendev.com T\u00e1rhelyszolg\u00e1ltat\u00f3: Data Center Solutions Kft. A weboldalon megjelen\u0151 tartalom a Prendev Kft. szellemi tulajdona. A tartalmak m\u00e1sol\u00e1sa, felhaszn\u00e1l\u00e1sa csak a c\u00e9g \u00edr\u00e1sos enged\u00e9ly\u00e9vel lehets\u00e9ges.<\/p>","protected":false},"author":1,"featured_media":1016,"parent":0,"menu_order":0,"comment_status":"closed","ping_status":"closed","template":"","meta":{"_acf_changed":false,"footnotes":""},"class_list":["post-1082","page","type-page","status-publish","has-post-thumbnail","hentry"],"acf":[],"yoast_head":"<!-- This site is optimized with the Yoast SEO Premium plugin v27.3 (Yoast SEO v27.3) - https:\/\/yoast.com\/product\/yoast-seo-premium-wordpress\/ -->\n<title>Impresszum - Prendev<\/title>\n<meta name=\"description\" content=\"Weboldalak tervez\u00e9se \u00e9s fejleszt\u00e9se, egyedi ig\u00e9nyekhez igaz\u00edtva. Seg\u00edt\u00fcnk a webes megjelen\u00e9s kialak\u00edt\u00e1s\u00e1ban, a funkci\u00f3k megval\u00f3s\u00edt\u00e1s\u00e1ban.\" \/>\n<meta name=\"robots\" content=\"index, follow, max-snippet:-1, max-image-preview:large, max-video-preview:-1\" \/>\n<link rel=\"canonical\" href=\"https:\/\/web.prendev.com\/de\/impresszum\/\" \/>\n<meta property=\"og:locale\" content=\"de_DE\" \/>\n<meta property=\"og:type\" content=\"article\" \/>\n<meta property=\"og:title\" content=\"Impresszum\" \/>\n<meta property=\"og:description\" content=\"Weboldalak tervez\u00e9se \u00e9s fejleszt\u00e9se, egyedi ig\u00e9nyekhez igaz\u00edtva. Seg\u00edt\u00fcnk a webes megjelen\u00e9s kialak\u00edt\u00e1s\u00e1ban, a funkci\u00f3k megval\u00f3s\u00edt\u00e1s\u00e1ban.\" \/>\n<meta property=\"og:url\" content=\"https:\/\/web.prendev.com\/de\/impresszum\/\" \/>\n<meta property=\"og:site_name\" content=\"Prendev\" \/>\n<meta property=\"article:modified_time\" content=\"2025-05-21T06:27:23+00:00\" \/>\n<meta property=\"og:image\" content=\"https:\/\/web.prendev.com\/wp-content\/uploads\/2025\/05\/Prendev-Side-Yellow.png\" \/>\n\t<meta property=\"og:image:width\" content=\"842\" \/>\n\t<meta property=\"og:image:height\" content=\"300\" \/>\n\t<meta property=\"og:image:type\" content=\"image\/png\" \/>\n<meta name=\"twitter:card\" content=\"summary_large_image\" \/>\n<meta name=\"twitter:label1\" content=\"Gesch\u00e4tzte Lesezeit\" \/>\n\t<meta name=\"twitter:data1\" content=\"1 Minute\" \/>\n<script type=\"application\/ld+json\" class=\"yoast-schema-graph\">{\"@context\":\"https:\\\/\\\/schema.org\",\"@graph\":[{\"@type\":\"WebPage\",\"@id\":\"https:\\\/\\\/web.prendev.com\\\/impresszum\\\/\",\"url\":\"https:\\\/\\\/web.prendev.com\\\/impresszum\\\/\",\"name\":\"Impresszum - Prendev\",\"isPartOf\":{\"@id\":\"https:\\\/\\\/web.prendev.com\\\/#website\"},\"primaryImageOfPage\":{\"@id\":\"https:\\\/\\\/web.prendev.com\\\/impresszum\\\/#primaryimage\"},\"image\":{\"@id\":\"https:\\\/\\\/web.prendev.com\\\/impresszum\\\/#primaryimage\"},\"thumbnailUrl\":\"https:\\\/\\\/web.prendev.com\\\/wp-content\\\/uploads\\\/2025\\\/05\\\/Prendev-Side-Yellow.png\",\"datePublished\":\"2025-05-20T08:57:59+00:00\",\"dateModified\":\"2025-05-21T06:27:23+00:00\",\"description\":\"Weboldalak tervez\u00e9se \u00e9s fejleszt\u00e9se, egyedi ig\u00e9nyekhez igaz\u00edtva. Seg\u00edt\u00fcnk a webes megjelen\u00e9s kialak\u00edt\u00e1s\u00e1ban, a funkci\u00f3k megval\u00f3s\u00edt\u00e1s\u00e1ban.\",\"breadcrumb\":{\"@id\":\"https:\\\/\\\/web.prendev.com\\\/impresszum\\\/#breadcrumb\"},\"inLanguage\":\"de-AT\",\"potentialAction\":[{\"@type\":\"ReadAction\",\"target\":[\"https:\\\/\\\/web.prendev.com\\\/impresszum\\\/\"]}]},{\"@type\":\"ImageObject\",\"inLanguage\":\"de-AT\",\"@id\":\"https:\\\/\\\/web.prendev.com\\\/impresszum\\\/#primaryimage\",\"url\":\"https:\\\/\\\/web.prendev.com\\\/wp-content\\\/uploads\\\/2025\\\/05\\\/Prendev-Side-Yellow.png\",\"contentUrl\":\"https:\\\/\\\/web.prendev.com\\\/wp-content\\\/uploads\\\/2025\\\/05\\\/Prendev-Side-Yellow.png\",\"width\":842,\"height\":300,\"caption\":\"Prendev Side Yellow\"},{\"@type\":\"BreadcrumbList\",\"@id\":\"https:\\\/\\\/web.prendev.com\\\/impresszum\\\/#breadcrumb\",\"itemListElement\":[{\"@type\":\"ListItem\",\"position\":1,\"name\":\"Home\",\"item\":\"https:\\\/\\\/web.prendev.com\\\/\"},{\"@type\":\"ListItem\",\"position\":2,\"name\":\"Impresszum\"}]},{\"@type\":\"WebSite\",\"@id\":\"https:\\\/\\\/web.prendev.com\\\/#website\",\"url\":\"https:\\\/\\\/web.prendev.com\\\/\",\"name\":\"Prendev\",\"description\":\"Szem\u00e9lyreszabott Weboldalak\",\"publisher\":{\"@id\":\"https:\\\/\\\/web.prendev.com\\\/#organization\"},\"potentialAction\":[{\"@type\":\"SearchAction\",\"target\":{\"@type\":\"EntryPoint\",\"urlTemplate\":\"https:\\\/\\\/web.prendev.com\\\/?s={search_term_string}\"},\"query-input\":{\"@type\":\"PropertyValueSpecification\",\"valueRequired\":true,\"valueName\":\"search_term_string\"}}],\"inLanguage\":\"de-AT\"},{\"@type\":\"Organization\",\"@id\":\"https:\\\/\\\/web.prendev.com\\\/#organization\",\"name\":\"Prendev Kft.\",\"url\":\"https:\\\/\\\/web.prendev.com\\\/\",\"logo\":{\"@type\":\"ImageObject\",\"inLanguage\":\"de-AT\",\"@id\":\"https:\\\/\\\/web.prendev.com\\\/#\\\/schema\\\/logo\\\/image\\\/\",\"url\":\"https:\\\/\\\/web.prendev.com\\\/wp-content\\\/uploads\\\/2025\\\/05\\\/cropped-Logo-Mini-1.png\",\"contentUrl\":\"https:\\\/\\\/web.prendev.com\\\/wp-content\\\/uploads\\\/2025\\\/05\\\/cropped-Logo-Mini-1.png\",\"width\":512,\"height\":512,\"caption\":\"Prendev Kft.\"},\"image\":{\"@id\":\"https:\\\/\\\/web.prendev.com\\\/#\\\/schema\\\/logo\\\/image\\\/\"},\"sameAs\":[\"https:\\\/\\\/www.linkedin.com\\\/company\\\/88418870\"]}]}<\/script>\n<!-- \/ Yoast SEO Premium plugin. -->","yoast_head_json":{"title":"Impresszum - Prendev","description":"Weboldalak tervez\u00e9se \u00e9s fejleszt\u00e9se, egyedi ig\u00e9nyekhez igaz\u00edtva. Seg\u00edt\u00fcnk a webes megjelen\u00e9s kialak\u00edt\u00e1s\u00e1ban, a funkci\u00f3k megval\u00f3s\u00edt\u00e1s\u00e1ban.","robots":{"index":"index","follow":"follow","max-snippet":"max-snippet:-1","max-image-preview":"max-image-preview:large","max-video-preview":"max-video-preview:-1"},"canonical":"https:\/\/web.prendev.com\/de\/impresszum\/","og_locale":"de_DE","og_type":"article","og_title":"Impresszum","og_description":"Weboldalak tervez\u00e9se \u00e9s fejleszt\u00e9se, egyedi ig\u00e9nyekhez igaz\u00edtva. Seg\u00edt\u00fcnk a webes megjelen\u00e9s kialak\u00edt\u00e1s\u00e1ban, a funkci\u00f3k megval\u00f3s\u00edt\u00e1s\u00e1ban.","og_url":"https:\/\/web.prendev.com\/de\/impresszum\/","og_site_name":"Prendev","article_modified_time":"2025-05-21T06:27:23+00:00","og_image":[{"width":842,"height":300,"url":"https:\/\/web.prendev.com\/wp-content\/uploads\/2025\/05\/Prendev-Side-Yellow.png","type":"image\/png"}],"twitter_card":"summary_large_image","twitter_misc":{"Gesch\u00e4tzte Lesezeit":"1 Minute"},"schema":{"@context":"https:\/\/schema.org","@graph":[{"@type":"WebPage","@id":"https:\/\/web.prendev.com\/impresszum\/","url":"https:\/\/web.prendev.com\/impresszum\/","name":"Impresszum - Prendev","isPartOf":{"@id":"https:\/\/web.prendev.com\/#website"},"primaryImageOfPage":{"@id":"https:\/\/web.prendev.com\/impresszum\/#primaryimage"},"image":{"@id":"https:\/\/web.prendev.com\/impresszum\/#primaryimage"},"thumbnailUrl":"https:\/\/web.prendev.com\/wp-content\/uploads\/2025\/05\/Prendev-Side-Yellow.png","datePublished":"2025-05-20T08:57:59+00:00","dateModified":"2025-05-21T06:27:23+00:00","description":"Weboldalak tervez\u00e9se \u00e9s fejleszt\u00e9se, egyedi ig\u00e9nyekhez igaz\u00edtva. Seg\u00edt\u00fcnk a webes megjelen\u00e9s kialak\u00edt\u00e1s\u00e1ban, a funkci\u00f3k megval\u00f3s\u00edt\u00e1s\u00e1ban.","breadcrumb":{"@id":"https:\/\/web.prendev.com\/impresszum\/#breadcrumb"},"inLanguage":"de-AT","potentialAction":[{"@type":"ReadAction","target":["https:\/\/web.prendev.com\/impresszum\/"]}]},{"@type":"ImageObject","inLanguage":"de-AT","@id":"https:\/\/web.prendev.com\/impresszum\/#primaryimage","url":"https:\/\/web.prendev.com\/wp-content\/uploads\/2025\/05\/Prendev-Side-Yellow.png","contentUrl":"https:\/\/web.prendev.com\/wp-content\/uploads\/2025\/05\/Prendev-Side-Yellow.png","width":842,"height":300,"caption":"Prendev Side Yellow"},{"@type":"BreadcrumbList","@id":"https:\/\/web.prendev.com\/impresszum\/#breadcrumb","itemListElement":[{"@type":"ListItem","position":1,"name":"Home","item":"https:\/\/web.prendev.com\/"},{"@type":"ListItem","position":2,"name":"Impresszum"}]},{"@type":"WebSite","@id":"https:\/\/web.prendev.com\/#website","url":"https:\/\/web.prendev.com\/","name":"Prendev","description":"Szem\u00e9lyreszabott Weboldalak","publisher":{"@id":"https:\/\/web.prendev.com\/#organization"},"potentialAction":[{"@type":"SearchAction","target":{"@type":"EntryPoint","urlTemplate":"https:\/\/web.prendev.com\/?s={search_term_string}"},"query-input":{"@type":"PropertyValueSpecification","valueRequired":true,"valueName":"search_term_string"}}],"inLanguage":"de-AT"},{"@type":"Organization","@id":"https:\/\/web.prendev.com\/#organization","name":"Prendev Kft.","url":"https:\/\/web.prendev.com\/","logo":{"@type":"ImageObject","inLanguage":"de-AT","@id":"https:\/\/web.prendev.com\/#\/schema\/logo\/image\/","url":"https:\/\/web.prendev.com\/wp-content\/uploads\/2025\/05\/cropped-Logo-Mini-1.png","contentUrl":"https:\/\/web.prendev.com\/wp-content\/uploads\/2025\/05\/cropped-Logo-Mini-1.png","width":512,"height":512,"caption":"Prendev Kft."},"image":{"@id":"https:\/\/web.prendev.com\/#\/schema\/logo\/image\/"},"sameAs":["https:\/\/www.linkedin.com\/company\/88418870"]}]}},"_links":{"self":[{"href":"https:\/\/web.prendev.com\/de\/wp-json\/wp\/v2\/pages\/1082","targetHints":{"allow":["GET"]}}],"collection":[{"href":"https:\/\/web.prendev.com\/de\/wp-json\/wp\/v2\/pages"}],"about":[{"href":"https:\/\/web.prendev.com\/de\/wp-json\/wp\/v2\/types\/page"}],"author":[{"embeddable":true,"href":"https:\/\/web.prendev.com\/de\/wp-json\/wp\/v2\/users\/1"}],"replies":[{"embeddable":true,"href":"https:\/\/web.prendev.com\/de\/wp-json\/wp\/v2\/comments?post=1082"}],"version-history":[{"count":5,"href":"https:\/\/web.prendev.com\/de\/wp-json\/wp\/v2\/pages\/1082\/revisions"}],"predecessor-version":[{"id":1089,"href":"https:\/\/web.prendev.com\/de\/wp-json\/wp\/v2\/pages\/1082\/revisions\/1089"}],"wp:featuredmedia":[{"embeddable":true,"href":"https:\/\/web.prendev.com\/de\/wp-json\/wp\/v2\/media\/1016"}],"wp:attachment":[{"href":"https:\/\/web.prendev.com\/de\/wp-json\/wp\/v2\/media?parent=1082"}],"curies":[{"name":"wp","href":"https:\/\/api.w.org\/{rel}","templated":true}]}}